{"id":2442,"date":"2023-04-12T12:15:49","date_gmt":"2023-04-12T12:15:49","guid":{"rendered":"http:\/\/malipodroznicy.edu.pl\/?page_id=2442"},"modified":"2023-04-13T10:25:15","modified_gmt":"2023-04-13T10:25:15","slug":"aktualnosci","status":"publish","type":"page","link":"https:\/\/malipodroznicy.edu.pl\/?page_id=2442","title":{"rendered":"Aktualno\u015bci"},"content":{"rendered":"\t\t<div data-elementor-type=\"wp-page\" data-elementor-id=\"2442\" class=\"elementor elementor-2442\" data-elementor-post-type=\"page\">\n\t\t\t\t\t\t<section class=\"elementor-section elementor-top-section elementor-element elementor-element-ed7242c elementor-section-boxed elementor-section-height-default elementor-section-height-default\" data-id=\"ed7242c\" data-element_type=\"section\">\n\t\t\t\t\t\t<div class=\"elementor-container elementor-column-gap-default\">\n\t\t\t\t\t<div class=\"elementor-column elementor-col-100 elementor-top-column elementor-element elementor-element-c82eae8\" data-id=\"c82eae8\" data-element_type=\"column\">\n\t\t\t<div class=\"elementor-widget-wrap elementor-element-populated\">\n\t\t\t\t\t\t<div class=\"elementor-element elementor-element-40b2b04 elementor-grid-3 elementor-grid-tablet-2 elementor-grid-mobile-1 elementor-widget elementor-widget-gyan_post_grid\" data-id=\"40b2b04\" data-element_type=\"widget\" data-settings=\"{&quot;columns&quot;:&quot;3&quot;,&quot;columns_tablet&quot;:&quot;2&quot;,&quot;columns_mobile&quot;:&quot;1&quot;}\" data-widget_type=\"gyan_post_grid.default\">\n\t\t\t\t<div class=\"elementor-widget-container\">\n\t\t\t\t\t        <div class=\"gyan-post-grid-container gyan-post-grid-s1 gyan-post-grid-container-40b2b04\" data-layout=\"grid\" data-rtl=\"false\">\n\n            \n            <div class=\"gyan-post-grid gyan-elementor-grid\">\n                \n<div class=\"gyan-post-grid-item gyan-grid-item-wrap cat-1\">\n    <div class=\"gyan-post-grid-item-inner gyan-grid-item\">\n\n        <div class=\"gyan-post-grid-item-holder gyan-ease-transition \">\n\n            \n            <div class=\"gyan-post-content-block gyan-ease-transition\">\n                <div class=\"gyan-post-title-section\">\n\n                        <div class=\"gyan-post-grid-content\">\n\n                            <div class=\"gyan-post-title\">\n                                <h2><a href=\"https:\/\/malipodroznicy.edu.pl\/?p=3042\">Rekrutacja!                                <\/a><\/h2>\n                            <\/div>\n\n                            \n                            \n                                <div class=\"gyan-post-list-excerpt\">\n                                                                    <\/div>\n\n                            \n                            <div class=\"gyan-post-grid-c-button gyan-ease-transition\">\n                                <a href=\"https:\/\/malipodroznicy.edu.pl\/?p=3042\"><span><\/span><\/a>\n                            <\/div>\n\n                                                            <div class=\"gyan-post-grid-date\">\n                                    <span>8 kwietnia, 2026<\/span>\n                                <\/div>\n                            \n                            <div class=\"clear\"><\/div>\n\n                        <\/div>\n\n                <\/div>\n                <div class=\"clear\"><\/div>\n            <\/div>\n            <div class=\"clear\"><\/div>\n        <\/div>\n\n    <\/div> <!-- gyan-post-grid-item-inner -->\n<\/div> <!-- gyan-post-grid-item -->\n\n<div class=\"clear\"><\/div>\n<div class=\"gyan-post-grid-item gyan-grid-item-wrap cat-1\">\n    <div class=\"gyan-post-grid-item-inner gyan-grid-item\">\n\n        <div class=\"gyan-post-grid-item-holder gyan-ease-transition \">\n\n            \n            <div class=\"gyan-post-content-block gyan-ease-transition\">\n                <div class=\"gyan-post-title-section\">\n\n                        <div class=\"gyan-post-grid-content\">\n\n                            <div class=\"gyan-post-title\">\n                                <h2><a href=\"https:\/\/malipodroznicy.edu.pl\/?p=3037\">Dzie\u0144 otwarty!                                <\/a><\/h2>\n                            <\/div>\n\n                            \n                            \n                                <div class=\"gyan-post-list-excerpt\">\n                                                                    <\/div>\n\n                            \n                            <div class=\"gyan-post-grid-c-button gyan-ease-transition\">\n                                <a href=\"https:\/\/malipodroznicy.edu.pl\/?p=3037\"><span><\/span><\/a>\n                            <\/div>\n\n                                                            <div class=\"gyan-post-grid-date\">\n                                    <span>8 kwietnia, 2026<\/span>\n                                <\/div>\n                            \n                            <div class=\"clear\"><\/div>\n\n                        <\/div>\n\n                <\/div>\n                <div class=\"clear\"><\/div>\n            <\/div>\n            <div class=\"clear\"><\/div>\n        <\/div>\n\n    <\/div> <!-- gyan-post-grid-item-inner -->\n<\/div> <!-- gyan-post-grid-item -->\n\n<div class=\"clear\"><\/div>\n<div class=\"gyan-post-grid-item gyan-grid-item-wrap cat-1\">\n    <div class=\"gyan-post-grid-item-inner gyan-grid-item\">\n\n        <div class=\"gyan-post-grid-item-holder gyan-ease-transition \">\n\n            \n            <div class=\"gyan-post-content-block gyan-ease-transition\">\n                <div class=\"gyan-post-title-section\">\n\n                        <div class=\"gyan-post-grid-content\">\n\n                            <div class=\"gyan-post-title\">\n                                <h2><a href=\"https:\/\/malipodroznicy.edu.pl\/?p=2995\">Jag\u00f3dki                                <\/a><\/h2>\n                            <\/div>\n\n                            \n                            \n                                <div class=\"gyan-post-list-excerpt\">\n                                    CZARNE MAMY BUZIE, CZARNE MAMY BRODY, KIEDY NA DESEREK ZJADAMY JAGODY. W poniedzia\u0142ek 16 pa\u017adziernika                                <\/div>\n\n                            \n                            <div class=\"gyan-post-grid-c-button gyan-ease-transition\">\n                                <a href=\"https:\/\/malipodroznicy.edu.pl\/?p=2995\"><span><\/span><\/a>\n                            <\/div>\n\n                                                            <div class=\"gyan-post-grid-date\">\n                                    <span>19 pa\u017adziernika, 2023<\/span>\n                                <\/div>\n                            \n                            <div class=\"clear\"><\/div>\n\n                        <\/div>\n\n                <\/div>\n                <div class=\"clear\"><\/div>\n            <\/div>\n            <div class=\"clear\"><\/div>\n        <\/div>\n\n    <\/div> <!-- gyan-post-grid-item-inner -->\n<\/div> <!-- gyan-post-grid-item -->\n\n<div class=\"clear\"><\/div>\n<div class=\"gyan-post-grid-item gyan-grid-item-wrap cat-1\">\n    <div class=\"gyan-post-grid-item-inner gyan-grid-item\">\n\n        <div class=\"gyan-post-grid-item-holder gyan-ease-transition \">\n\n            \n            <div class=\"gyan-post-content-block gyan-ease-transition\">\n                <div class=\"gyan-post-title-section\">\n\n                        <div class=\"gyan-post-grid-content\">\n\n                            <div class=\"gyan-post-title\">\n                                <h2><a href=\"https:\/\/malipodroznicy.edu.pl\/?p=2922\">SENIOR+                                <\/a><\/h2>\n                            <\/div>\n\n                            \n                            \n                                <div class=\"gyan-post-list-excerpt\">\n                                    \u0141\u0104CZYMY POKOLENIA We wtorek 17 pa\u017adziernika \u201eJag\u00f3dki\u201d po raz kolejny odwiedzi\u0142y klub SENIOR+ w                                <\/div>\n\n                            \n                            <div class=\"gyan-post-grid-c-button gyan-ease-transition\">\n                                <a href=\"https:\/\/malipodroznicy.edu.pl\/?p=2922\"><span><\/span><\/a>\n                            <\/div>\n\n                                                            <div class=\"gyan-post-grid-date\">\n                                    <span>19 pa\u017adziernika, 2023<\/span>\n                                <\/div>\n                            \n                            <div class=\"clear\"><\/div>\n\n                        <\/div>\n\n                <\/div>\n                <div class=\"clear\"><\/div>\n            <\/div>\n            <div class=\"clear\"><\/div>\n        <\/div>\n\n    <\/div> <!-- gyan-post-grid-item-inner -->\n<\/div> <!-- gyan-post-grid-item -->\n\n<div class=\"clear\"><\/div>\n<div class=\"gyan-post-grid-item gyan-grid-item-wrap cat-1\">\n    <div class=\"gyan-post-grid-item-inner gyan-grid-item\">\n\n        <div class=\"gyan-post-grid-item-holder gyan-ease-transition \">\n\n            \n            <div class=\"gyan-post-content-block gyan-ease-transition\">\n                <div class=\"gyan-post-title-section\">\n\n                        <div class=\"gyan-post-grid-content\">\n\n                            <div class=\"gyan-post-title\">\n                                <h2><a href=\"https:\/\/malipodroznicy.edu.pl\/?p=2886\">Bilbioteka                                <\/a><\/h2>\n                            <\/div>\n\n                            \n                            \n                                <div class=\"gyan-post-list-excerpt\">\n                                    \u201eCZYTANIE KSI\u0104\u017bEK TO NAJPI\u0118KNIEJSZA ZABAWA, JAK\u0104 SOBIE LUDZKO\u015a\u0106 WYMY\u015aLI\u0141A\u201d Wis\u0142awa Szymborska                                <\/div>\n\n                            \n                            <div class=\"gyan-post-grid-c-button gyan-ease-transition\">\n                                <a href=\"https:\/\/malipodroznicy.edu.pl\/?p=2886\"><span><\/span><\/a>\n                            <\/div>\n\n                                                            <div class=\"gyan-post-grid-date\">\n                                    <span>19 pa\u017adziernika, 2023<\/span>\n                                <\/div>\n                            \n                            <div class=\"clear\"><\/div>\n\n                        <\/div>\n\n                <\/div>\n                <div class=\"clear\"><\/div>\n            <\/div>\n            <div class=\"clear\"><\/div>\n        <\/div>\n\n    <\/div> <!-- gyan-post-grid-item-inner -->\n<\/div> <!-- gyan-post-grid-item -->\n\n<div class=\"clear\"><\/div>\n<div class=\"gyan-post-grid-item gyan-grid-item-wrap cat-1\">\n    <div class=\"gyan-post-grid-item-inner gyan-grid-item\">\n\n        <div class=\"gyan-post-grid-item-holder gyan-ease-transition \">\n\n            \n            <div class=\"gyan-post-content-block gyan-ease-transition\">\n                <div class=\"gyan-post-title-section\">\n\n                        <div class=\"gyan-post-grid-content\">\n\n                            <div class=\"gyan-post-title\">\n                                <h2><a href=\"https:\/\/malipodroznicy.edu.pl\/?p=2875\">Przerwa wakacyjna!                                <\/a><\/h2>\n                            <\/div>\n\n                            \n                            \n                                <div class=\"gyan-post-list-excerpt\">\n                                    Przerwa wakacyjna! W dniach 1-15 sierpnia przedszkole b\u0119dzie zamkni\u0119te. Wszelki kontakt mo\u017cliwy b\u0119dzie                                <\/div>\n\n                            \n                            <div class=\"gyan-post-grid-c-button gyan-ease-transition\">\n                                <a href=\"https:\/\/malipodroznicy.edu.pl\/?p=2875\"><span><\/span><\/a>\n                            <\/div>\n\n                                                            <div class=\"gyan-post-grid-date\">\n                                    <span>31 lipca, 2023<\/span>\n                                <\/div>\n                            \n                            <div class=\"clear\"><\/div>\n\n                        <\/div>\n\n                <\/div>\n                <div class=\"clear\"><\/div>\n            <\/div>\n            <div class=\"clear\"><\/div>\n        <\/div>\n\n    <\/div> <!-- gyan-post-grid-item-inner -->\n<\/div> <!-- gyan-post-grid-item -->\n\n<div class=\"clear\"><\/div>\n<div class=\"gyan-post-grid-item gyan-grid-item-wrap cat-1\">\n    <div class=\"gyan-post-grid-item-inner gyan-grid-item\">\n\n        <div class=\"gyan-post-grid-item-holder gyan-ease-transition \">\n\n            \n            <div class=\"gyan-post-content-block gyan-ease-transition\">\n                <div class=\"gyan-post-title-section\">\n\n                        <div class=\"gyan-post-grid-content\">\n\n                            <div class=\"gyan-post-title\">\n                                <h2><a href=\"https:\/\/malipodroznicy.edu.pl\/?p=2870\">Balice                                <\/a><\/h2>\n                            <\/div>\n\n                            \n                            \n                                <div class=\"gyan-post-list-excerpt\">\n                                    &nbsp; W dniu 26 maja dzieci z grupy \u201eJag\u00f3dki\u201d pojecha\u0142y na wycieczk\u0119 do Portu lotniczego w                                <\/div>\n\n                            \n                            <div class=\"gyan-post-grid-c-button gyan-ease-transition\">\n                                <a href=\"https:\/\/malipodroznicy.edu.pl\/?p=2870\"><span><\/span><\/a>\n                            <\/div>\n\n                                                            <div class=\"gyan-post-grid-date\">\n                                    <span>31 maja, 2023<\/span>\n                                <\/div>\n                            \n                            <div class=\"clear\"><\/div>\n\n                        <\/div>\n\n                <\/div>\n                <div class=\"clear\"><\/div>\n            <\/div>\n            <div class=\"clear\"><\/div>\n        <\/div>\n\n    <\/div> <!-- gyan-post-grid-item-inner -->\n<\/div> <!-- gyan-post-grid-item -->\n\n<div class=\"clear\"><\/div>\n<div class=\"gyan-post-grid-item gyan-grid-item-wrap cat-1\">\n    <div class=\"gyan-post-grid-item-inner gyan-grid-item\">\n\n        <div class=\"gyan-post-grid-item-holder gyan-ease-transition \">\n\n            \n            <div class=\"gyan-post-content-block gyan-ease-transition\">\n                <div class=\"gyan-post-title-section\">\n\n                        <div class=\"gyan-post-grid-content\">\n\n                            <div class=\"gyan-post-title\">\n                                <h2><a href=\"https:\/\/malipodroznicy.edu.pl\/?p=2550\">Ekologia                                <\/a><\/h2>\n                            <\/div>\n\n                            \n                            \n                                <div class=\"gyan-post-list-excerpt\">\n                                    WSZYSCY NA ZIEMI MIESZKAMY, O PI\u0118KNO I CZYSTO\u015a\u0106 JEJ DBAMY. TRZEBA SZYBKO POSPRZ\u0104TA\u0106 \u015aWIAT, NIE                                <\/div>\n\n                            \n                            <div class=\"gyan-post-grid-c-button gyan-ease-transition\">\n                                <a href=\"https:\/\/malipodroznicy.edu.pl\/?p=2550\"><span><\/span><\/a>\n                            <\/div>\n\n                                                            <div class=\"gyan-post-grid-date\">\n                                    <span>26 kwietnia, 2023<\/span>\n                                <\/div>\n                            \n                            <div class=\"clear\"><\/div>\n\n                        <\/div>\n\n                <\/div>\n                <div class=\"clear\"><\/div>\n            <\/div>\n            <div class=\"clear\"><\/div>\n        <\/div>\n\n    <\/div> <!-- gyan-post-grid-item-inner -->\n<\/div> <!-- gyan-post-grid-item -->\n\n<div class=\"clear\"><\/div>\n<div class=\"gyan-post-grid-item gyan-grid-item-wrap cat-1\">\n    <div class=\"gyan-post-grid-item-inner gyan-grid-item\">\n\n        <div class=\"gyan-post-grid-item-holder gyan-ease-transition \">\n\n            \n            <div class=\"gyan-post-content-block gyan-ease-transition\">\n                <div class=\"gyan-post-title-section\">\n\n                        <div class=\"gyan-post-grid-content\">\n\n                            <div class=\"gyan-post-title\">\n                                <h2><a href=\"https:\/\/malipodroznicy.edu.pl\/?p=2502\">Wielkanoc                                <\/a><\/h2>\n                            <\/div>\n\n                            \n                            \n                                <div class=\"gyan-post-list-excerpt\">\n                                    Z WIELKANOCNYM ZAJ\u0104CZKIEM \u015awi\u0119ta Wielkanocne to jedne z najbardziej kolorowych \u015bwi\u0105t obchodzonych w                                <\/div>\n\n                            \n                            <div class=\"gyan-post-grid-c-button gyan-ease-transition\">\n                                <a href=\"https:\/\/malipodroznicy.edu.pl\/?p=2502\"><span><\/span><\/a>\n                            <\/div>\n\n                                                            <div class=\"gyan-post-grid-date\">\n                                    <span>13 kwietnia, 2023<\/span>\n                                <\/div>\n                            \n                            <div class=\"clear\"><\/div>\n\n                        <\/div>\n\n                <\/div>\n                <div class=\"clear\"><\/div>\n            <\/div>\n            <div class=\"clear\"><\/div>\n        <\/div>\n\n    <\/div> <!-- gyan-post-grid-item-inner -->\n<\/div> <!-- gyan-post-grid-item -->\n\n<div class=\"clear\"><\/div>\n<div class=\"gyan-post-grid-item gyan-grid-item-wrap cat-1\">\n    <div class=\"gyan-post-grid-item-inner gyan-grid-item\">\n\n        <div class=\"gyan-post-grid-item-holder gyan-ease-transition \">\n\n            \n            <div class=\"gyan-post-content-block gyan-ease-transition\">\n                <div class=\"gyan-post-title-section\">\n\n                        <div class=\"gyan-post-grid-content\">\n\n                            <div class=\"gyan-post-title\">\n                                <h2><a href=\"https:\/\/malipodroznicy.edu.pl\/?p=2462\">Rekrutacja                                <\/a><\/h2>\n                            <\/div>\n\n                            \n                            \n                                <div class=\"gyan-post-list-excerpt\">\n                                    &nbsp; Rekrutacja w Naszej plac\u00f3wce trwa ca\u0142y rok do wyczerpania miejsc. Je\u015bli jeste\u015bcie Pa\u0144stwo                                <\/div>\n\n                            \n                            <div class=\"gyan-post-grid-c-button gyan-ease-transition\">\n                                <a href=\"https:\/\/malipodroznicy.edu.pl\/?p=2462\"><span><\/span><\/a>\n                            <\/div>\n\n                                                            <div class=\"gyan-post-grid-date\">\n                                    <span>12 kwietnia, 2023<\/span>\n                                <\/div>\n                            \n                            <div class=\"clear\"><\/div>\n\n                        <\/div>\n\n                <\/div>\n                <div class=\"clear\"><\/div>\n            <\/div>\n            <div class=\"clear\"><\/div>\n        <\/div>\n\n    <\/div> <!-- gyan-post-grid-item-inner -->\n<\/div> <!-- gyan-post-grid-item -->\n\n<div class=\"clear\"><\/div>\n<div class=\"gyan-post-grid-item gyan-grid-item-wrap cat-1\">\n    <div class=\"gyan-post-grid-item-inner gyan-grid-item\">\n\n        <div class=\"gyan-post-grid-item-holder gyan-ease-transition \">\n\n            \n            <div class=\"gyan-post-content-block gyan-ease-transition\">\n                <div class=\"gyan-post-title-section\">\n\n                        <div class=\"gyan-post-grid-content\">\n\n                            <div class=\"gyan-post-title\">\n                                <h2><a href=\"https:\/\/malipodroznicy.edu.pl\/?p=2288\">Przygoda w kosmosie                                <\/a><\/h2>\n                            <\/div>\n\n                            \n                            \n                                <div class=\"gyan-post-list-excerpt\">\n                                    W dniu 13 marca nasze przedszkolaki czeka\u0142a niezwyk\u0142a przygoda. To wszystko za spraw\u0105 mobilnego                                <\/div>\n\n                            \n                            <div class=\"gyan-post-grid-c-button gyan-ease-transition\">\n                                <a href=\"https:\/\/malipodroznicy.edu.pl\/?p=2288\"><span><\/span><\/a>\n                            <\/div>\n\n                                                            <div class=\"gyan-post-grid-date\">\n                                    <span>29 marca, 2023<\/span>\n                                <\/div>\n                            \n                            <div class=\"clear\"><\/div>\n\n                        <\/div>\n\n                <\/div>\n                <div class=\"clear\"><\/div>\n            <\/div>\n            <div class=\"clear\"><\/div>\n        <\/div>\n\n    <\/div> <!-- gyan-post-grid-item-inner -->\n<\/div> <!-- gyan-post-grid-item -->\n\n<div class=\"clear\"><\/div>\n<div class=\"gyan-post-grid-item gyan-grid-item-wrap cat-1\">\n    <div class=\"gyan-post-grid-item-inner gyan-grid-item\">\n\n        <div class=\"gyan-post-grid-item-holder gyan-ease-transition \">\n\n            \n            <div class=\"gyan-post-content-block gyan-ease-transition\">\n                <div class=\"gyan-post-title-section\">\n\n                        <div class=\"gyan-post-grid-content\">\n\n                            <div class=\"gyan-post-title\">\n                                <h2><a href=\"https:\/\/malipodroznicy.edu.pl\/?p=2301\">Gotowo\u015b\u0107 szkolna                                <\/a><\/h2>\n                            <\/div>\n\n                            \n                            \n                                <div class=\"gyan-post-list-excerpt\">\n                                    Diagnoza gotowo\u015bci szkolnej mo\u017ce przybiera\u0107 wiele form. Istniej\u0105 r\u00f3\u017cnego rodzaju karty pracy,                                <\/div>\n\n                            \n                            <div class=\"gyan-post-grid-c-button gyan-ease-transition\">\n                                <a href=\"https:\/\/malipodroznicy.edu.pl\/?p=2301\"><span><\/span><\/a>\n                            <\/div>\n\n                                                            <div class=\"gyan-post-grid-date\">\n                                    <span>28 marca, 2023<\/span>\n                                <\/div>\n                            \n                            <div class=\"clear\"><\/div>\n\n                        <\/div>\n\n                <\/div>\n                <div class=\"clear\"><\/div>\n            <\/div>\n            <div class=\"clear\"><\/div>\n        <\/div>\n\n    <\/div> <!-- gyan-post-grid-item-inner -->\n<\/div> <!-- gyan-post-grid-item -->\n\n<div class=\"clear\"><\/div>\n<div class=\"gyan-post-grid-item gyan-grid-item-wrap cat-1\">\n    <div class=\"gyan-post-grid-item-inner gyan-grid-item\">\n\n        <div class=\"gyan-post-grid-item-holder gyan-ease-transition \">\n\n            \n            <div class=\"gyan-post-content-block gyan-ease-transition\">\n                <div class=\"gyan-post-title-section\">\n\n                        <div class=\"gyan-post-grid-content\">\n\n                            <div class=\"gyan-post-title\">\n                                <h2><a href=\"https:\/\/malipodroznicy.edu.pl\/?p=2311\">Dzie\u0144 teatru                                <\/a><\/h2>\n                            <\/div>\n\n                            \n                            \n                                <div class=\"gyan-post-list-excerpt\">\n                                    W zwi\u0105zku z przypadaj\u0105cym w marcu Dniem Teatru, grupa \u201eJag\u00f3dki\u201d uczestniczy\u0142a w dniu 13 marca w                                <\/div>\n\n                            \n                            <div class=\"gyan-post-grid-c-button gyan-ease-transition\">\n                                <a href=\"https:\/\/malipodroznicy.edu.pl\/?p=2311\"><span><\/span><\/a>\n                            <\/div>\n\n                                                            <div class=\"gyan-post-grid-date\">\n                                    <span>15 marca, 2023<\/span>\n                                <\/div>\n                            \n                            <div class=\"clear\"><\/div>\n\n                        <\/div>\n\n                <\/div>\n                <div class=\"clear\"><\/div>\n            <\/div>\n            <div class=\"clear\"><\/div>\n        <\/div>\n\n    <\/div> <!-- gyan-post-grid-item-inner -->\n<\/div> <!-- gyan-post-grid-item -->\n\n<div class=\"clear\"><\/div>            <\/div><div class=\"clear\"><\/div>\n        <\/div>\n\n                      <div class=\"gyan-pagination-holder\"><\/div>\n        \n        \t\t\t\t<\/div>\n\t\t\t\t<\/div>\n\t\t\t\t\t<\/div>\n\t\t<\/div>\n\t\t\t\t\t<\/div>\n\t\t<\/section>\n\t\t\t\t<\/div>\n\t\t","protected":false},"excerpt":{"rendered":"<p>Wielkanoc Z WIELKANOCNYM ZAJ\u0104CZKIEM \u015awi\u0119ta Wielkanocne to jedne z najbardziej kolorowych \u015bwi\u0105t obchodzonych w 13 kwietnia, 2023 Wielkanoc 13 kwietnia, 2023 Rekrutacja &nbsp; Rekrutacja w Naszej plac\u00f3wce trwa ca\u0142y rok do wyczerpania miejsc. Je\u015bli jeste\u015bcie Pa\u0144stwo 12 kwietnia, 2023 Przygoda w kosmosie W dniu 13 marca nasze przedszkolaki czeka\u0142a niezwyk\u0142a [&hellip;]<\/p>\n","protected":false},"author":1,"featured_media":0,"parent":0,"menu_order":0,"comment_status":"closed","ping_status":"closed","template":"","meta":{"ngg_post_thumbnail":0,"footnotes":""},"class_list":["post-2442","page","type-page","status-publish","hentry"],"_links":{"self":[{"href":"https:\/\/malipodroznicy.edu.pl\/index.php?rest_route=\/wp\/v2\/pages\/2442","targetHints":{"allow":["GET"]}}],"collection":[{"href":"https:\/\/malipodroznicy.edu.pl\/index.php?rest_route=\/wp\/v2\/pages"}],"about":[{"href":"https:\/\/malipodroznicy.edu.pl\/index.php?rest_route=\/wp\/v2\/types\/page"}],"author":[{"embeddable":true,"href":"https:\/\/malipodroznicy.edu.pl\/index.php?rest_route=\/wp\/v2\/users\/1"}],"replies":[{"embeddable":true,"href":"https:\/\/malipodroznicy.edu.pl\/index.php?rest_route=%2Fwp%2Fv2%2Fcomments&post=2442"}],"version-history":[{"count":8,"href":"https:\/\/malipodroznicy.edu.pl\/index.php?rest_route=\/wp\/v2\/pages\/2442\/revisions"}],"predecessor-version":[{"id":3017,"href":"https:\/\/malipodroznicy.edu.pl\/index.php?rest_route=\/wp\/v2\/pages\/2442\/revisions\/3017"}],"wp:attachment":[{"href":"https:\/\/malipodroznicy.edu.pl\/index.php?rest_route=%2Fwp%2Fv2%2Fmedia&parent=2442"}],"curies":[{"name":"wp","href":"https:\/\/api.w.org\/{rel}","templated":true}]}}