{"id":2331,"date":"2023-04-04T05:27:08","date_gmt":"2023-04-04T05:27:08","guid":{"rendered":"http:\/\/malipodroznicy.edu.pl\/?page_id=2331"},"modified":"2026-04-08T09:50:22","modified_gmt":"2026-04-08T09:50:22","slug":"dokumenty","status":"publish","type":"page","link":"https:\/\/malipodroznicy.edu.pl\/?page_id=2331","title":{"rendered":"Dla rodzic\u00f3w"},"content":{"rendered":"\t\t<div data-elementor-type=\"wp-page\" data-elementor-id=\"2331\" class=\"elementor elementor-2331\" data-elementor-post-type=\"page\">\n\t\t\t\t\t\t<section class=\"elementor-section elementor-top-section elementor-element elementor-element-7a2cd991 elementor-section-boxed elementor-section-height-default elementor-section-height-default\" data-id=\"7a2cd991\" data-element_type=\"section\">\n\t\t\t\t\t\t<div class=\"elementor-container elementor-column-gap-default\">\n\t\t\t\t\t<div class=\"elementor-column elementor-col-100 elementor-top-column elementor-element elementor-element-37b03442\" data-id=\"37b03442\" data-element_type=\"column\">\n\t\t\t<div class=\"elementor-widget-wrap elementor-element-populated\">\n\t\t\t\t\t\t<div class=\"elementor-element elementor-element-4a503eef elementor-widget elementor-widget-text-editor\" data-id=\"4a503eef\" data-element_type=\"widget\" data-widget_type=\"text-editor.default\">\n\t\t\t\t<div class=\"elementor-widget-container\">\n\t\t\t\t\t\t\t\t\t<p><span style=\"font-size: 12pt; font-family: 'arial black', sans-serif;\"><strong><span style=\"color: #3366ff;\">RAMOWY PLAN DNIA:<\/span><\/strong><\/span><\/p><p><span style=\"font-family: 'arial black', sans-serif; font-size: 12pt;\"><strong>7.00-9.00<\/strong> schodzenie si\u0119 dzieci<\/span><\/p><p><span style=\"font-family: 'arial black', sans-serif; font-size: 12pt;\"><strong>9.00-9.30<\/strong> \u015bniadanie<\/span><\/p><p><span style=\"font-family: 'arial black', sans-serif; font-size: 12pt;\"><strong>9.30-12.30<\/strong> zaj\u0119cia edukacyjne, warsztaty, zabawy, realizacja podstawy programowej<\/span><\/p><p><span style=\"font-family: 'arial black', sans-serif; font-size: 12pt;\"><strong>12.30-13.00<\/strong> obiad<\/span><\/p><p><span style=\"font-family: 'arial black', sans-serif; font-size: 12pt;\"><strong>13.00<\/strong> relaksacja\/drzemka\u00a0<\/span><\/p><p><span style=\"font-family: 'arial black', sans-serif; font-size: 12pt;\"><strong>15.00<\/strong> podwieczorek<\/span><\/p><p><span style=\"font-family: 'arial black', sans-serif; font-size: 12pt;\"><strong>15.15<\/strong> gry i zabawy dowolne\/\u0142\u0105czone; rozchodzenie si\u0119 dzieci<\/span><\/p><p><span style=\"font-size: 12pt; font-family: 'arial black', sans-serif; color: #3366ff;\"><strong>PLAN ZAJ\u0118\u0106 TYGODNIOWY:<\/strong><\/span><\/p><p><span style=\"color: #000080; font-family: 'arial black', sans-serif; font-size: 12pt;\">poniedzia\u0142ek:<\/span><\/p><ul style=\"list-style-type: circle;\"><li><span style=\"font-family: 'arial black', sans-serif; font-size: 12pt;\">pi\u0142ka\/ zaj\u0119cia og\u00f3lnorozwojowe\u00a0<\/span><\/li><li><span style=\"font-family: 'arial black', sans-serif; font-size: 12pt;\">robotyka;\u00a0<\/span><\/li><li><span style=\"font-family: 'arial black', sans-serif; font-size: 12pt;\">sensoplastyka co 2 tygodnie;\u00a0<\/span><\/li><\/ul><p><span style=\"color: #000080; font-family: 'arial black', sans-serif; font-size: 12pt;\">pi\u0105tek:<\/span><\/p><ul style=\"list-style-type: circle;\"><li><span style=\"font-family: 'arial black', sans-serif; font-size: 12pt;\">taniec; 9.45\u00a0 &#8211; 10.15<\/span><\/li><li><span style=\"font-family: 'arial black', sans-serif; font-size: 12pt;\">j\u0119zyk angielski; 10.30 &#8211; 11.30<\/span><\/li><\/ul><p><span style=\"font-family: 'arial black', sans-serif; font-size: 12pt;\"><strong><span style=\"color: #ff0000;\">Godziny pracy specjalist\u00f3w:<\/span><\/strong><\/span><\/p><p><span style=\"font-family: 'arial black', sans-serif; font-size: 12pt;\">psycholog: mgr Katarzyna Wr\u00f3bel: pi\u0105tek 12.00 &#8211; 16.00<\/span><\/p><p><span style=\"font-family: 'arial black', sans-serif; font-size: 12pt;\">logopeda: mgr Agnieszka Biela:\u00a0 wt : 8.00-11.00<\/span><\/p><p><span style=\"font-family: 'arial black', sans-serif; font-size: 12pt;\">terapeuta SI: mgr Joanna Zawada : \u015broda 7.30 &#8211; 13.00<\/span><\/p><p><span style=\"font-family: 'arial black', sans-serif; font-size: 12pt;\">pedagog specjalny: mgr Halina Michalik: pn-pt 9.00-13.00<\/span><\/p><p><span style=\"font-family: 'arial black', sans-serif; font-size: 12pt;\"><strong>pedagog specjalny: mgr Alicja R\u0119bilas : pn-pt 8.30 &#8211; 14.30<\/strong><\/span><\/p><p>\u00a0<\/p><p><span style=\"font-family: 'arial black', sans-serif; font-size: 12pt;\"><strong><span style=\"color: #ff0000;\"><em>Nasz zesp\u00f3\u0142:<\/em><\/span><\/strong><\/span><\/p><p><span style=\"font-size: 12pt; font-family: 'arial black', sans-serif;\">mgr Anna Dziuban &#8211; organ prowadz\u0105cy &#8211; Dyrektor przedszkola;<\/span><\/p><p><span style=\"font-size: 12pt; font-family: 'arial black', sans-serif;\">mgr Halina Michalik &#8211; Dyrektor pedagogiczny;<\/span><\/p><p><span style=\"font-size: 12pt; font-family: 'arial black', sans-serif;\">mgr Halina Kowal &#8211; nauczyciel wychowawca;<\/span><\/p><p><span style=\"font-size: 12pt; font-family: 'arial black', sans-serif;\">mgr Iwona S\u0142odka &#8211; nauczyciel, trener I stopnia sensoplastyki; surdopedagog<\/span><\/p><p><span style=\"font-size: 12pt; font-family: 'arial black', sans-serif;\">Anna Szczurek &#8211; pomoc nauczyciela;<\/span><\/p><p><span style=\"font-size: 12pt; font-family: 'arial black', sans-serif;\">Anna Chojnacka &#8211; pomoc nauczyciela;<\/span><\/p><p><span style=\"font-size: 12pt; font-family: 'arial black', sans-serif;\">Urszula Salawa &#8211; pomoc kuchenna, utrzymanie czysto\u015bci;<\/span><\/p><p><span style=\"font-size: 12pt; font-family: 'arial black', sans-serif;\">MANU Marzena K\u0119ska &#8211; realizacj\u0105 zaj\u0119\u0107 j\u0119zyka angielskiego;<\/span><\/p><p><span style=\"font-size: 12pt; font-family: 'arial black', sans-serif;\">Szko\u0142a Ta\u0144ca Elita;<\/span><\/p><p><span style=\"font-size: 12pt; font-family: 'arial black', sans-serif;\">mgr Marcin Mieszczak &#8211; nauczyciel wychowanie fizycznego, zaj\u0119cia og\u00f3lnorozwojowe<\/span><\/p><p><span style=\"color: #993366; font-size: 12pt; font-family: 'arial black', sans-serif;\"><strong>Dokumenty do pobrania:<\/strong><\/span><\/p><ul><li><span style=\"font-family: 'arial black', sans-serif; font-size: 12pt;\">Statut &#8211; <a href=\"http:\/\/malipodroznicy.edu.pl\/wp-content\/uploads\/2023\/04\/statut-01.01.2022.pdf\">statut 01.01.2022<\/a><\/span><\/li><li><span style=\"font-family: 'arial black', sans-serif; font-size: 12pt;\">Karta zg\u0142oszenia &#8211; <a href=\"http:\/\/malipodroznicy.edu.pl\/wp-content\/uploads\/2023\/04\/karta-zapisu-dziecka-do-przedszkola571.pdf\">karta zapisu dziecka do przedszkola<\/a><\/span><\/li><li><span style=\"font-family: 'arial black', sans-serif; font-size: 12pt;\">Wyprawka &#8211; <a href=\"http:\/\/malipodroznicy.edu.pl\/wp-content\/uploads\/2023\/04\/wyprawka.pdf\">wyprawka<\/a><\/span><\/li><li><span style=\"font-family: 'arial black', sans-serif; font-size: 12pt;\">Regulamin przedszkola &#8211; <a href=\"http:\/\/malipodroznicy.edu.pl\/wp-content\/uploads\/2023\/04\/regulamin-przedszkola.pdf\">regulamin przedszkola<\/a><\/span><\/li><li><span style=\"font-family: 'arial black', sans-serif; font-size: 12pt;\">Obowi\u0105zek informacyjny RODO &#8211; <a href=\"http:\/\/malipodroznicy.edu.pl\/wp-content\/uploads\/2023\/04\/obowiazek-informacyjny.pdf\">obowi\u0105zek informacyjny<\/a><\/span><\/li><\/ul>\t\t\t\t\t\t\t\t<\/div>\n\t\t\t\t<\/div>\n\t\t\t\t\t<\/div>\n\t\t<\/div>\n\t\t\t\t\t<\/div>\n\t\t<\/section>\n\t\t\t\t<\/div>\n\t\t","protected":false},"excerpt":{"rendered":"<p>RAMOWY PLAN DNIA: 7.00-9.00 schodzenie si\u0119 dzieci 9.00-9.30 \u015bniadanie 9.30-12.30 zaj\u0119cia edukacyjne, warsztaty, zabawy, realizacja podstawy programowej 12.30-13.00 obiad 13.00 relaksacja\/drzemka\u00a0 15.00 podwieczorek 15.15 gry i zabawy dowolne\/\u0142\u0105czone; rozchodzenie si\u0119 dzieci PLAN ZAJ\u0118\u0106 TYGODNIOWY: poniedzia\u0142ek: pi\u0142ka\/ zaj\u0119cia og\u00f3lnorozwojowe\u00a0 robotyka;\u00a0 sensoplastyka co 2 tygodnie;\u00a0 pi\u0105tek: taniec; 9.45\u00a0 &#8211; 10.15 j\u0119zyk angielski; [&hellip;]<\/p>\n","protected":false},"author":1,"featured_media":0,"parent":0,"menu_order":0,"comment_status":"closed","ping_status":"closed","template":"","meta":{"ngg_post_thumbnail":0,"footnotes":""},"class_list":["post-2331","page","type-page","status-publish","hentry"],"_links":{"self":[{"href":"https:\/\/malipodroznicy.edu.pl\/index.php?rest_route=\/wp\/v2\/pages\/2331","targetHints":{"allow":["GET"]}}],"collection":[{"href":"https:\/\/malipodroznicy.edu.pl\/index.php?rest_route=\/wp\/v2\/pages"}],"about":[{"href":"https:\/\/malipodroznicy.edu.pl\/index.php?rest_route=\/wp\/v2\/types\/page"}],"author":[{"embeddable":true,"href":"https:\/\/malipodroznicy.edu.pl\/index.php?rest_route=\/wp\/v2\/users\/1"}],"replies":[{"embeddable":true,"href":"https:\/\/malipodroznicy.edu.pl\/index.php?rest_route=%2Fwp%2Fv2%2Fcomments&post=2331"}],"version-history":[{"count":33,"href":"https:\/\/malipodroznicy.edu.pl\/index.php?rest_route=\/wp\/v2\/pages\/2331\/revisions"}],"predecessor-version":[{"id":3036,"href":"https:\/\/malipodroznicy.edu.pl\/index.php?rest_route=\/wp\/v2\/pages\/2331\/revisions\/3036"}],"wp:attachment":[{"href":"https:\/\/malipodroznicy.edu.pl\/index.php?rest_route=%2Fwp%2Fv2%2Fmedia&parent=2331"}],"curies":[{"name":"wp","href":"https:\/\/api.w.org\/{rel}","templated":true}]}}