{"id":2329,"date":"2023-04-04T05:27:02","date_gmt":"2023-04-04T05:27:02","guid":{"rendered":"http:\/\/malipodroznicy.edu.pl\/?page_id=2329"},"modified":"2026-04-08T09:43:45","modified_gmt":"2026-04-08T09:43:45","slug":"oferta","status":"publish","type":"page","link":"https:\/\/malipodroznicy.edu.pl\/?page_id=2329","title":{"rendered":"Oferta"},"content":{"rendered":"\t\t<div data-elementor-type=\"wp-page\" data-elementor-id=\"2329\" class=\"elementor elementor-2329\" data-elementor-post-type=\"page\">\n\t\t\t\t\t\t<section class=\"elementor-section elementor-top-section elementor-element elementor-element-bc2dd2c elementor-section-boxed elementor-section-height-default elementor-section-height-default\" data-id=\"bc2dd2c\" data-element_type=\"section\" data-settings=\"{&quot;background_background&quot;:&quot;classic&quot;}\">\n\t\t\t\t\t\t<div class=\"elementor-container elementor-column-gap-default\">\n\t\t\t\t\t<div class=\"elementor-column elementor-col-100 elementor-top-column elementor-element elementor-element-fb5a89f\" data-id=\"fb5a89f\" data-element_type=\"column\">\n\t\t\t<div class=\"elementor-widget-wrap elementor-element-populated\">\n\t\t\t\t\t\t<div class=\"elementor-element elementor-element-d8ef0e6 elementor-widget elementor-widget-text-editor\" data-id=\"d8ef0e6\" data-element_type=\"widget\" data-widget_type=\"text-editor.default\">\n\t\t\t\t<div class=\"elementor-widget-container\">\n\t\t\t\t\t\t\t\t\t<div class=\"itemFullText\"><p style=\"text-align: center;\"><span style=\"font-size: 14pt; color: #993366; font-family: georgia, palatino, serif;\"><strong>Przedszkole otwarte\u00a0 od poniedzia\u0142ku do pi\u0105tku od godziny 7.00 do 17.00.<\/strong> <\/span><\/p><p><span style=\"color: #008000;\">Przerwa wakacyjna ustalana jest na pierwsz\u0105 po\u0142ow\u0119 sierpnia.<\/span><\/p><p><span style=\"font-family: georgia, palatino, serif; font-size: 14pt;\"><strong>Zaj\u0119cia w ramach czesnego:<\/strong><\/span><\/p><ul><li><span style=\"font-family: georgia, palatino, serif; font-size: 12pt;\">j\u0119zyk angielski<\/span><\/li><li><span style=\"font-family: georgia, palatino, serif; font-size: 12pt;\">taniec<\/span><\/li><li><span style=\"font-family: georgia, palatino, serif; font-size: 12pt;\">sensoplastyka<\/span><\/li><li><span style=\"font-family: georgia, palatino, serif; font-size: 12pt;\">zaj\u0119cia sportowe og\u00f3lnorozwojowe<\/span><\/li><li><span style=\"font-family: georgia, palatino, serif; font-size: 12pt;\">rytmika<\/span><\/li><li><span style=\"font-family: georgia, palatino, serif; font-size: 12pt;\">zaj\u0119cia plastyczne i artystyczne<\/span><\/li><li><span style=\"font-family: georgia, palatino, serif; font-size: 12pt;\">zaj\u0119cia z edukacji przyrodniczej i ekologicznej<\/span><\/li><li><span style=\"font-family: georgia, palatino, serif; font-size: 12pt;\">zaj\u0119cia z literatur\u0105<\/span><\/li><li><span style=\"font-family: georgia, palatino, serif; font-size: 12pt;\">warsztaty podr\u00f3\u017cnicze<\/span><\/li><li><span style=\"font-family: georgia, palatino, serif; font-size: 12pt;\">r\u00f3\u017cnorodne warsztaty tematyczne<\/span><\/li><\/ul><p><span style=\"font-family: georgia, palatino, serif; font-size: 14pt;\"><strong>Zaj\u0119cia dodatkowe \u2013 p\u0142atne:<\/strong><\/span><\/p><ul><li><span style=\"font-family: georgia, palatino, serif; font-size: 12pt;\">robotyka<\/span><\/li><\/ul><p><span style=\"font-family: georgia, palatino, serif; font-size: 12pt;\">Wszystkie zaj\u0119cia dodatkowe b\u0119d\u0105 realizowane po zg\u0142oszeniu odpowiedniej ilo\u015bci ch\u0119tnych. Istnieje mo\u017cliwo\u015b\u0107 poszerzenia oferty zgodnie z zainteresowaniem. Ceny zaj\u0119\u0107 b\u0119d\u0105 ustalane po ustaleniu liczby ch\u0119tnych.<\/span><\/p><p><span style=\"font-size: 14pt; font-family: georgia, palatino, serif;\"><b>WWRD &#8211; Wczesne Wspomaganie Rozwoju Dziecka<\/b><\/span><\/p><p><span style=\"font-size: 14pt;\"><strong>Wczesne Wspomaganie Rozwoju jest wsparciem bezp\u0142atnym!<\/strong><\/span><\/p><p><span style=\"font-family: georgia, palatino, serif; font-size: 12pt;\">Wczesnym wspomaganiem rozwoju obj\u0119te s\u0105 przede wszystkim dzieci, kt\u00f3re wymagaj\u0105 szczeg\u00f3lnego wsparcia w poszczeg\u00f3lnych sferach rozwojowych od urodzenia\u00a0 do rozpocz\u0119cia nauki\u00a0 szkolnej<\/span><\/p><p><span style=\"font-family: georgia, palatino, serif; font-size: 12pt;\">Przez wczesne wspomaganie rozwoju rozumiemy wszystkie dzia\u0142ania podj\u0119te w celu zapewnienia optymalnych warunk\u00f3w dla prawid\u0142owego rozwoju ma\u0142ego dziecka\u00a0 \u00a0z uwzgl\u0119dnieniem jego indywidualnych potrzeb i mo\u017cliwo\u015bci.<\/span><\/p><p><span style=\"font-family: georgia, palatino, serif; font-size: 12pt;\">Dziecko musi posiada\u0107 opini\u0119 o potrzebie wczesnego wspomagania, kt\u00f3r\u0105 bezp\u0142atnie wydaj\u0105 publiczne poradnie psychologiczno\u2013pedagogiczne.<\/span><\/p><h3><span style=\"font-family: georgia, palatino, serif; font-size: 14pt;\"><strong>Specjali\u015bci realizuj\u0105cy zadania WWRD oraz pomocy psychologiczno-pedagogicznej:\u00a0<\/strong><\/span><\/h3><p><span style=\"font-family: georgia, palatino, serif; font-size: 12pt;\">Sk\u0142ad zespo\u0142u specjalist\u00f3w :<\/span><\/p><p><span style=\"font-family: georgia, palatino, serif; font-size: 12pt;\">\u2022 psycholog,<\/span><\/p><p><span style=\"font-family: georgia, palatino, serif; font-size: 12pt;\">\u2022 logopeda,<\/span><\/p><p><span style=\"font-family: georgia, palatino, serif; font-size: 12pt;\">\u2022 terapeuta SI<\/span><\/p><p><span style=\"font-family: georgia, palatino, serif; font-size: 12pt;\">\u2022 pedagog terapeuta<\/span><\/p><h3><span style=\"font-size: 14pt; font-family: georgia, palatino, serif;\">Zadania realizowane przez zesp\u00f3\u0142 specjalist\u00f3w w ramach wczesnego wspomagania rozwoju dziecka:<\/span><\/h3><p><span style=\"font-family: georgia, palatino, serif; font-size: 12pt;\">\u2022 ustalenie, na podstawie opinii o potrzebie wczesnego wspomagania rozwoju dziecka, kierunk\u00f3w i harmonogramu\u00a0 \u00a0dzia\u0142a\u0144 w zakresie wczesnego wspomagania i wsparcia rodziny dziecka;<\/span><\/p><p><span style=\"font-family: georgia, palatino, serif; font-size: 12pt;\">\u2022 opracowanie i realizowanie z dzieckiem i jego rodzin\u0105 indywidualnego programu wczesnego wspomagania,\u00a0 z uwzgl\u0119dnieniem dzia\u0142a\u0144 wspomagaj\u0105cych rodzin\u0119 dziecka w zakresie realizacji programu, koordynowania\u00a0 dzia\u0142a\u0144 specjalist\u00f3w prowadz\u0105cych zaj\u0119cia z dzieckiem oraz oceniania post\u0119p\u00f3w dziecka;<\/span><\/p><p><span style=\"font-family: georgia, palatino, serif; font-size: 12pt;\">\u2022 analizowanie skuteczno\u015bci pomocy udzielanej dziecku i jego rodzinie, wprowadzanie zmian w indywidualnym\u00a0 programie wczesnego wspomagania, stosownie do potrzeb dziecka i jego rodziny, oraz planowanie dalszych\u00a0 \u00a0dzia\u0142a\u0144 w zakresie wczesnego wspomagania.<\/span><\/p><p><span style=\"font-family: georgia, palatino, serif; font-size: 12pt;\">Wszystkie zaj\u0119cia w ramach WWRD s\u0105 bezp\u0142atne!<\/span><\/p><p><span style=\"font-family: georgia, palatino, serif; font-size: 14pt; color: #ff0000;\"><strong>Cennik:<\/strong><\/span><br \/><span style=\"font-family: georgia, palatino, serif; font-size: 12pt;\">Wpisowe wynosi 500,00 PLN i jest wnoszone jednorazowo i bezzwrotnie, gwarantuj\u0105c miejsce przez ca\u0142y okres ucz\u0119szczania dziecka do przedszkola.<\/span><\/p><p><span style=\"font-family: georgia, palatino, serif; font-size: 14pt; color: #ff0000;\"><strong>Czesne:<\/strong><\/span><br \/><span style=\"font-family: georgia, palatino, serif; font-size: 12pt;\">do 5h \/ dziennie\u2013 550,00 PLN<\/span><br \/><span style=\"font-family: georgia, palatino, serif; font-size: 12pt;\">pow. 5h\/ dziennie \u2013 600,00 PLN<\/span><\/p><p><strong><span style=\"font-family: georgia, palatino, serif; font-size: 12pt; color: #0000ff;\">Dla dzieci posiadaj\u0105cych orzeczenie o potrzebie kszta\u0142cenia specjalnego czesne wynosi 300,00 PLN<\/span><\/strong><\/p><p><span style=\"font-family: georgia, palatino, serif; font-size: 12pt; color: #ff0000;\"><strong>Karnety godzinowe:<\/strong><\/span><br \/><span style=\"font-family: georgia, palatino, serif; font-size: 12pt;\">10h &#8211; 150,00 PLN<\/span><br \/><span style=\"font-family: georgia, palatino, serif; font-size: 12pt;\">20h\u00a0&#8211; 280,00 PLN<\/span><\/p><p><span style=\"font-family: georgia, palatino, serif; font-size: 12pt;\">30h &#8211; 400,00 PLN<\/span><br \/><span style=\"font-family: georgia, palatino, serif; font-size: 12pt;\">40h\u00a0&#8211; 520,00 PLN<\/span><br \/><span style=\"font-family: georgia, palatino, serif; font-size: 12pt;\">ka\u017cda nast\u0119pna godzina \u2013 15,00 PLN<\/span><br \/><span style=\"font-family: georgia, palatino, serif; font-size: 12pt;\">Zaj\u0119cia adaptacyjne p\u0142atne s\u0105 na godziny.<\/span><\/p><p><span style=\"font-family: georgia, palatino, serif; font-size: 12pt;\"><strong>Wy\u017cywienie:<\/strong><\/span><br \/><span style=\"font-family: georgia, palatino, serif; font-size: 12pt;\">Wy\u017cywienie w Naszej Plac\u00f3wce b\u0119dzie dostarczane przez do\u015bwiadczon\u0105 i profesjonaln\u0105 firm\u0119 cateringow\u0105. S\u0105 to smaczne i\u00a0 zdrowe posi\u0142ki, ustalane przez do\u015bwiadczonego dietetyka. Menu b\u0119dzie uwzgl\u0119dnia\u0142o r\u00f3wnie\u017c wymagania dla alergik\u00f3w.<\/span><\/p><p><span style=\"font-family: georgia, palatino, serif; font-size: 12pt;\">Cena za posi\u0142ek : \u015bniadanie, obiad (zupa i II danie) oraz podwieczorek; napoje bez ogranicze\u0144 16<\/span><span style=\"font-family: georgia, palatino, serif; font-size: 12pt;\">,00 z\u0142 \/dzie\u0144<\/span><\/p><p><span style=\"color: #993300;\"><strong><span style=\"font-size: 14pt;\">Oferta Kancelarii Radcy Prawnego:<\/span><\/strong><\/span><\/p><p><span style=\"font-size: 12pt;\">Nasza plac\u00f3wka jest pod opiek\u0105 kancelarii radcy prawnego <span style=\"color: #0000ff;\">www.maciejdziubanradca.pl<\/span><\/span><\/p><p><span style=\"font-size: 12pt;\">Radca prawny Maciej Dziuban \u015bwiadczy pomoc prawn\u0105 na rzecz podmiot\u00f3w indywidualnych i przedsi\u0119biorc\u00f3w, w tym os\u00f3b prawnych. Specjalizuje si\u0119 w sprawach rozwodowych, windykacyjnych, zobowi\u0105zaniach umownych, szeroko poj\u0119tym prawie o\u015bwiatowym jak r\u00f3wnie\u017c wyst\u0119puje jako obro\u0144ca w sprawach dyscyplinarnych dla nauczycieli.<\/span><\/p><p><span style=\"font-size: 12pt;\">Oferta znajduj\u0119 si\u0119 na stronie, zapraszamy do kontaktu r\u00f3wniez pod numerem telefonu <strong>516 019 730<\/strong><\/span><\/p><\/div>\t\t\t\t\t\t\t\t<\/div>\n\t\t\t\t<\/div>\n\t\t\t\t\t<\/div>\n\t\t<\/div>\n\t\t\t\t\t<\/div>\n\t\t<\/section>\n\t\t\t\t<\/div>\n\t\t","protected":false},"excerpt":{"rendered":"<p>Przedszkole otwarte\u00a0 od poniedzia\u0142ku do pi\u0105tku od godziny 7.00 do 17.00. Przerwa wakacyjna ustalana jest na pierwsz\u0105 po\u0142ow\u0119 sierpnia. Zaj\u0119cia w ramach czesnego: j\u0119zyk angielski taniec sensoplastyka zaj\u0119cia sportowe og\u00f3lnorozwojowe rytmika zaj\u0119cia plastyczne i artystyczne zaj\u0119cia z edukacji przyrodniczej i ekologicznej zaj\u0119cia z literatur\u0105 warsztaty podr\u00f3\u017cnicze r\u00f3\u017cnorodne warsztaty tematyczne Zaj\u0119cia [&hellip;]<\/p>\n","protected":false},"author":1,"featured_media":0,"parent":0,"menu_order":0,"comment_status":"closed","ping_status":"closed","template":"","meta":{"ngg_post_thumbnail":0,"footnotes":""},"class_list":["post-2329","page","type-page","status-publish","hentry"],"_links":{"self":[{"href":"https:\/\/malipodroznicy.edu.pl\/index.php?rest_route=\/wp\/v2\/pages\/2329","targetHints":{"allow":["GET"]}}],"collection":[{"href":"https:\/\/malipodroznicy.edu.pl\/index.php?rest_route=\/wp\/v2\/pages"}],"about":[{"href":"https:\/\/malipodroznicy.edu.pl\/index.php?rest_route=\/wp\/v2\/types\/page"}],"author":[{"embeddable":true,"href":"https:\/\/malipodroznicy.edu.pl\/index.php?rest_route=\/wp\/v2\/users\/1"}],"replies":[{"embeddable":true,"href":"https:\/\/malipodroznicy.edu.pl\/index.php?rest_route=%2Fwp%2Fv2%2Fcomments&post=2329"}],"version-history":[{"count":25,"href":"https:\/\/malipodroznicy.edu.pl\/index.php?rest_route=\/wp\/v2\/pages\/2329\/revisions"}],"predecessor-version":[{"id":3032,"href":"https:\/\/malipodroznicy.edu.pl\/index.php?rest_route=\/wp\/v2\/pages\/2329\/revisions\/3032"}],"wp:attachment":[{"href":"https:\/\/malipodroznicy.edu.pl\/index.php?rest_route=%2Fwp%2Fv2%2Fmedia&parent=2329"}],"curies":[{"name":"wp","href":"https:\/\/api.w.org\/{rel}","templated":true}]}}