{"id":2203,"date":"2022-12-08T08:04:39","date_gmt":"2022-12-08T08:04:39","guid":{"rendered":"http:\/\/malipodroznicy.edu.pl\/?page_id=2203"},"modified":"2023-10-17T09:42:19","modified_gmt":"2023-10-17T09:42:19","slug":"kontakt","status":"publish","type":"page","link":"https:\/\/malipodroznicy.edu.pl\/?page_id=2203","title":{"rendered":"Kontakt"},"content":{"rendered":"\t\t<div data-elementor-type=\"wp-page\" data-elementor-id=\"2203\" class=\"elementor elementor-2203\" data-elementor-post-type=\"page\">\n\t\t\t\t\t\t<section class=\"elementor-section elementor-top-section elementor-element elementor-element-686d004 elementor-section-boxed elementor-section-height-default elementor-section-height-default\" data-id=\"686d004\" data-element_type=\"section\">\n\t\t\t\t\t\t<div class=\"elementor-container elementor-column-gap-default\">\n\t\t\t\t\t<div class=\"elementor-column elementor-col-50 elementor-top-column elementor-element elementor-element-f880b8f\" data-id=\"f880b8f\" data-element_type=\"column\">\n\t\t\t<div class=\"elementor-widget-wrap elementor-element-populated\">\n\t\t\t\t\t\t<div class=\"elementor-element elementor-element-4769437 elementor-widget elementor-widget-google_maps\" data-id=\"4769437\" data-element_type=\"widget\" data-widget_type=\"google_maps.default\">\n\t\t\t\t<div class=\"elementor-widget-container\">\n\t\t\t\t\t\t\t<div class=\"elementor-custom-embed\">\n\t\t\t<iframe loading=\"lazy\"\n\t\t\t\t\tsrc=\"https:\/\/maps.google.com\/maps?q=Rzeszotary%2032-040%20ul.%20Piastowska%2087&#038;t=m&#038;z=13&#038;output=embed&#038;iwloc=near\"\n\t\t\t\t\ttitle=\"Rzeszotary 32-040 ul. Piastowska 87\"\n\t\t\t\t\taria-label=\"Rzeszotary 32-040 ul. Piastowska 87\"\n\t\t\t><\/iframe>\n\t\t<\/div>\n\t\t\t\t\t\t<\/div>\n\t\t\t\t<\/div>\n\t\t\t\t\t<\/div>\n\t\t<\/div>\n\t\t\t\t<div class=\"elementor-column elementor-col-50 elementor-top-column elementor-element elementor-element-dbb34b3\" data-id=\"dbb34b3\" data-element_type=\"column\">\n\t\t\t<div class=\"elementor-widget-wrap elementor-element-populated\">\n\t\t\t\t\t\t<div class=\"elementor-element elementor-element-5b53404 elementor-widget elementor-widget-text-editor\" data-id=\"5b53404\" data-element_type=\"widget\" data-widget_type=\"text-editor.default\">\n\t\t\t\t<div class=\"elementor-widget-container\">\n\t\t\t\t\t\t\t\t\t<div class=\"contact-misc\"><p style=\"text-align: center;\"><span style=\"font-size: 14pt;\">Zapisy i Informacja: <strong>886 840 875<\/strong><\/span><\/p><p style=\"text-align: center;\"><span style=\"font-size: 14pt;\">Adres e-mail:<\/span><br \/><span style=\"font-size: 14pt;\"><a href=\"mailto:kontakt@malipodroznicy.edu.pl\">kontakt@malipodroznicy.edu.pl<\/a><\/span><br \/><span style=\"font-size: 14pt;\"><a href=\"mailto:malipodroznicy.przedszkole@gmail.com\">malipodroznicy.przedszkole@gmail.com<\/a><\/span><\/p><p style=\"text-align: center;\"><span style=\"font-size: 14pt;\">Niepubliczne Przedszkole Integracyjne &#8222;Mali Podr\u00f3\u017cnicy&#8221;<\/span><\/p><p style=\"text-align: center;\"><span style=\"font-size: 14pt;\">Rzeszotary 32-040<\/span><br \/><span style=\"font-size: 14pt;\">ul. Piastowska 87<\/span><\/p><p style=\"text-align: center;\"><span style=\"font-size: 14pt;\">Dane w\u0142a\u015bciciela:<\/span><br \/><span style=\"font-size: 14pt;\">Edu&amp;Fun Anna Dziuban<\/span><\/p><p style=\"text-align: center;\"><span style=\"font-size: 14pt;\">NIP: 679 263 45 96<\/span><br \/><span style=\"font-size: 14pt;\">REGON: 120137097<\/span><\/p><p style=\"text-align: center;\"><span style=\"font-size: 14pt;\"><strong>Kancelaria Radcy Prawnego:<\/strong><\/span><\/p><p style=\"text-align: center;\"><span style=\"font-size: 14pt;\"><strong>www.maciejdziubanradca.pl<\/strong><\/span><\/p><p style=\"text-align: center;\"><span style=\"font-size: 14pt; color: #993300;\">radca.dziuban@gmail.com<\/span><\/p><p style=\"text-align: center;\"><span style=\"font-size: 14pt;\"><strong>516 019 730<\/strong><\/span><\/p><\/div>\t\t\t\t\t\t\t\t<\/div>\n\t\t\t\t<\/div>\n\t\t\t\t\t<\/div>\n\t\t<\/div>\n\t\t\t\t\t<\/div>\n\t\t<\/section>\n\t\t\t\t<\/div>\n\t\t","protected":false},"excerpt":{"rendered":"<p>Zapisy i Informacja: 886 840 875 Adres e-mail:kontakt@malipodroznicy.edu.plmalipodroznicy.przedszkole@gmail.com Niepubliczne Przedszkole Integracyjne &#8222;Mali Podr\u00f3\u017cnicy&#8221; Rzeszotary 32-040ul. Piastowska 87 Dane w\u0142a\u015bciciela:Edu&amp;Fun Anna Dziuban NIP: 679 263 45 96REGON: 120137097 Kancelaria Radcy Prawnego: www.maciejdziubanradca.pl radca.dziuban@gmail.com 516 019 730<\/p>\n","protected":false},"author":1,"featured_media":0,"parent":0,"menu_order":0,"comment_status":"closed","ping_status":"closed","template":"","meta":{"ngg_post_thumbnail":0,"footnotes":""},"class_list":["post-2203","page","type-page","status-publish","hentry"],"_links":{"self":[{"href":"https:\/\/malipodroznicy.edu.pl\/index.php?rest_route=\/wp\/v2\/pages\/2203","targetHints":{"allow":["GET"]}}],"collection":[{"href":"https:\/\/malipodroznicy.edu.pl\/index.php?rest_route=\/wp\/v2\/pages"}],"about":[{"href":"https:\/\/malipodroznicy.edu.pl\/index.php?rest_route=\/wp\/v2\/types\/page"}],"author":[{"embeddable":true,"href":"https:\/\/malipodroznicy.edu.pl\/index.php?rest_route=\/wp\/v2\/users\/1"}],"replies":[{"embeddable":true,"href":"https:\/\/malipodroznicy.edu.pl\/index.php?rest_route=%2Fwp%2Fv2%2Fcomments&post=2203"}],"version-history":[{"count":16,"href":"https:\/\/malipodroznicy.edu.pl\/index.php?rest_route=\/wp\/v2\/pages\/2203\/revisions"}],"predecessor-version":[{"id":2884,"href":"https:\/\/malipodroznicy.edu.pl\/index.php?rest_route=\/wp\/v2\/pages\/2203\/revisions\/2884"}],"wp:attachment":[{"href":"https:\/\/malipodroznicy.edu.pl\/index.php?rest_route=%2Fwp%2Fv2%2Fmedia&parent=2203"}],"curies":[{"name":"wp","href":"https:\/\/api.w.org\/{rel}","templated":true}]}}